{"id":184,"date":"2023-09-08T14:17:49","date_gmt":"2023-09-08T12:17:49","guid":{"rendered":"https:\/\/normandielecture.fr\/?page_id=184"},"modified":"2026-04-04T11:04:15","modified_gmt":"2026-04-04T09:04:15","slug":"salons-du-livre-dedicaces-rencontres","status":"publish","type":"page","link":"https:\/\/normandielecture.fr\/index.php\/normandie-lecture-accueil\/salons-du-livre-dedicaces-rencontres\/","title":{"rendered":"SALONS    D\u00c9DICACES    EXPOSITIONS"},"content":{"rendered":"<p>&nbsp;<\/p>\n<hr \/>\n<p style=\"text-align: left;\">PROCHAINS RENDEZ-VOUS\u00a0 : <strong>11 et 12 AVRIL 2026<\/strong><\/p>\n<p style=\"text-align: left;\"><strong>F\u00eate des Imprimeurs<\/strong>. Moulin Saint-Gilles \u00e0 Rouen, si\u00e8ge de l&rsquo;Association Expotec 103<\/p>\n<p>Avec \u00ab\u00a0Rouen Lecture\u00a0\u00bb les samedi et dimanche apr\u00e8s midi. Infos ci-dessous.<\/p>\n<p><img loading=\"lazy\" decoding=\"async\" class=\"alignnone wp-image-1187\" src=\"https:\/\/normandielecture.fr\/wp-content\/uploads\/2026\/04\/Expotec-2026-300x214.jpg\" alt=\"\" width=\"836\" height=\"596\" srcset=\"https:\/\/normandielecture.fr\/wp-content\/uploads\/2026\/04\/Expotec-2026-300x214.jpg 300w, https:\/\/normandielecture.fr\/wp-content\/uploads\/2026\/04\/Expotec-2026-1024x729.jpg 1024w, https:\/\/normandielecture.fr\/wp-content\/uploads\/2026\/04\/Expotec-2026-768x547.jpg 768w, https:\/\/normandielecture.fr\/wp-content\/uploads\/2026\/04\/Expotec-2026-1536x1094.jpg 1536w, https:\/\/normandielecture.fr\/wp-content\/uploads\/2026\/04\/Expotec-2026-2048x1458.jpg 2048w\" sizes=\"auto, (max-width: 836px) 100vw, 836px\" \/><\/p>\n<hr \/>\n<p><strong>Ci-dessous : En images, quelques anciens Rendez-Vous ou D\u00e9dicaces. A votre disposition pour convenir d&rsquo;autres dates. A bient\u00f4t !<\/strong><\/p>\n<p>&#8212;&#8211;<\/p>\n<p><img loading=\"lazy\" decoding=\"async\" class=\"alignnone wp-image-1037\" src=\"https:\/\/normandielecture.fr\/wp-content\/uploads\/2025\/09\/fullsizeoutput_22cb-215x300.jpeg\" alt=\"\" width=\"229\" height=\"320\" srcset=\"https:\/\/normandielecture.fr\/wp-content\/uploads\/2025\/09\/fullsizeoutput_22cb-215x300.jpeg 215w, https:\/\/normandielecture.fr\/wp-content\/uploads\/2025\/09\/fullsizeoutput_22cb-734x1024.jpeg 734w, https:\/\/normandielecture.fr\/wp-content\/uploads\/2025\/09\/fullsizeoutput_22cb-768x1071.jpeg 768w, https:\/\/normandielecture.fr\/wp-content\/uploads\/2025\/09\/fullsizeoutput_22cb-1101x1536.jpeg 1101w, https:\/\/normandielecture.fr\/wp-content\/uploads\/2025\/09\/fullsizeoutput_22cb-1468x2048.jpeg 1468w, https:\/\/normandielecture.fr\/wp-content\/uploads\/2025\/09\/fullsizeoutput_22cb.jpeg 1640w\" sizes=\"auto, (max-width: 229px) 100vw, 229px\" \/>\u00a0 \u00a0<img loading=\"lazy\" decoding=\"async\" class=\"alignnone wp-image-843\" src=\"https:\/\/normandielecture.fr\/wp-content\/uploads\/2025\/04\/fullsizeoutput_20d5-218x300.jpeg\" alt=\"\" width=\"233\" height=\"321\" srcset=\"https:\/\/normandielecture.fr\/wp-content\/uploads\/2025\/04\/fullsizeoutput_20d5-218x300.jpeg 218w, https:\/\/normandielecture.fr\/wp-content\/uploads\/2025\/04\/fullsizeoutput_20d5-745x1024.jpeg 745w, https:\/\/normandielecture.fr\/wp-content\/uploads\/2025\/04\/fullsizeoutput_20d5-768x1056.jpeg 768w, https:\/\/normandielecture.fr\/wp-content\/uploads\/2025\/04\/fullsizeoutput_20d5-1117x1536.jpeg 1117w, https:\/\/normandielecture.fr\/wp-content\/uploads\/2025\/04\/fullsizeoutput_20d5.jpeg 1489w\" sizes=\"auto, (max-width: 233px) 100vw, 233px\" \/>\u00a0 \u00a0<img loading=\"lazy\" decoding=\"async\" class=\"alignnone wp-image-840\" src=\"https:\/\/normandielecture.fr\/wp-content\/uploads\/2025\/03\/485697624_955936799855070_1927010897723913798_n-212x300.jpg\" alt=\"\" width=\"227\" height=\"321\" srcset=\"https:\/\/normandielecture.fr\/wp-content\/uploads\/2025\/03\/485697624_955936799855070_1927010897723913798_n-212x300.jpg 212w, https:\/\/normandielecture.fr\/wp-content\/uploads\/2025\/03\/485697624_955936799855070_1927010897723913798_n-724x1024.jpg 724w, https:\/\/normandielecture.fr\/wp-content\/uploads\/2025\/03\/485697624_955936799855070_1927010897723913798_n-768x1087.jpg 768w, https:\/\/normandielecture.fr\/wp-content\/uploads\/2025\/03\/485697624_955936799855070_1927010897723913798_n.jpg 1080w\" sizes=\"auto, (max-width: 227px) 100vw, 227px\" \/>\u00a0 \u00a0\u00a0<img loading=\"lazy\" decoding=\"async\" class=\"alignnone wp-image-832\" src=\"https:\/\/normandielecture.fr\/wp-content\/uploads\/2025\/03\/481907878_10237249761168298_2852867456301928398_n-212x300.jpg\" alt=\"\" width=\"225\" height=\"319\" srcset=\"https:\/\/normandielecture.fr\/wp-content\/uploads\/2025\/03\/481907878_10237249761168298_2852867456301928398_n-212x300.jpg 212w, https:\/\/normandielecture.fr\/wp-content\/uploads\/2025\/03\/481907878_10237249761168298_2852867456301928398_n-724x1024.jpg 724w, https:\/\/normandielecture.fr\/wp-content\/uploads\/2025\/03\/481907878_10237249761168298_2852867456301928398_n-768x1087.jpg 768w, https:\/\/normandielecture.fr\/wp-content\/uploads\/2025\/03\/481907878_10237249761168298_2852867456301928398_n.jpg 1080w\" sizes=\"auto, (max-width: 225px) 100vw, 225px\" \/>\u00a0 \u00a0 \u00a0<img loading=\"lazy\" decoding=\"async\" class=\"alignnone wp-image-797\" src=\"https:\/\/normandielecture.fr\/wp-content\/uploads\/2025\/02\/fullsizeoutput_1fe9-300x300.jpeg\" alt=\"\" width=\"315\" height=\"315\" srcset=\"https:\/\/normandielecture.fr\/wp-content\/uploads\/2025\/02\/fullsizeoutput_1fe9-300x300.jpeg 300w, https:\/\/normandielecture.fr\/wp-content\/uploads\/2025\/02\/fullsizeoutput_1fe9-150x150.jpeg 150w, https:\/\/normandielecture.fr\/wp-content\/uploads\/2025\/02\/fullsizeoutput_1fe9.jpeg 702w\" sizes=\"auto, (max-width: 315px) 100vw, 315px\" \/>\u00a0 \u00a0\u00a0<img loading=\"lazy\" decoding=\"async\" class=\"alignnone wp-image-774\" src=\"https:\/\/normandielecture.fr\/wp-content\/uploads\/2024\/11\/fullsizeoutput_1f3c-217x300.jpeg\" alt=\"\" width=\"228\" height=\"316\" srcset=\"https:\/\/normandielecture.fr\/wp-content\/uploads\/2024\/11\/fullsizeoutput_1f3c-217x300.jpeg 217w, https:\/\/normandielecture.fr\/wp-content\/uploads\/2024\/11\/fullsizeoutput_1f3c-740x1024.jpeg 740w, https:\/\/normandielecture.fr\/wp-content\/uploads\/2024\/11\/fullsizeoutput_1f3c-768x1063.jpeg 768w, https:\/\/normandielecture.fr\/wp-content\/uploads\/2024\/11\/fullsizeoutput_1f3c-1110x1536.jpeg 1110w, https:\/\/normandielecture.fr\/wp-content\/uploads\/2024\/11\/fullsizeoutput_1f3c.jpeg 1187w\" sizes=\"auto, (max-width: 228px) 100vw, 228px\" \/>\u00a0 \u00a0 \u00a0<img loading=\"lazy\" decoding=\"async\" class=\"alignnone wp-image-767\" src=\"https:\/\/normandielecture.fr\/wp-content\/uploads\/2024\/11\/463120788_852008300247921_1588085919087150118_n-212x300.jpg\" alt=\"\" width=\"221\" height=\"313\" srcset=\"https:\/\/normandielecture.fr\/wp-content\/uploads\/2024\/11\/463120788_852008300247921_1588085919087150118_n-212x300.jpg 212w, https:\/\/normandielecture.fr\/wp-content\/uploads\/2024\/11\/463120788_852008300247921_1588085919087150118_n-724x1024.jpg 724w, https:\/\/normandielecture.fr\/wp-content\/uploads\/2024\/11\/463120788_852008300247921_1588085919087150118_n-768x1086.jpg 768w, https:\/\/normandielecture.fr\/wp-content\/uploads\/2024\/11\/463120788_852008300247921_1588085919087150118_n-1086x1536.jpg 1086w, https:\/\/normandielecture.fr\/wp-content\/uploads\/2024\/11\/463120788_852008300247921_1588085919087150118_n.jpg 1448w\" sizes=\"auto, (max-width: 221px) 100vw, 221px\" \/>\u00a0 \u00a0<img loading=\"lazy\" decoding=\"async\" class=\"alignnone wp-image-760\" src=\"https:\/\/normandielecture.fr\/wp-content\/uploads\/2024\/10\/fullsizeoutput_1ea2-212x300.jpeg\" alt=\"\" width=\"222\" height=\"314\" srcset=\"https:\/\/normandielecture.fr\/wp-content\/uploads\/2024\/10\/fullsizeoutput_1ea2-212x300.jpeg 212w, https:\/\/normandielecture.fr\/wp-content\/uploads\/2024\/10\/fullsizeoutput_1ea2-724x1024.jpeg 724w, https:\/\/normandielecture.fr\/wp-content\/uploads\/2024\/10\/fullsizeoutput_1ea2.jpeg 768w\" sizes=\"auto, (max-width: 222px) 100vw, 222px\" \/>\u00a0 \u00a0 \u00a0<img loading=\"lazy\" decoding=\"async\" class=\"alignnone wp-image-580\" src=\"https:\/\/normandielecture.fr\/wp-content\/uploads\/2024\/03\/fullsizeoutput_1b07-212x300.jpeg\" alt=\"\" width=\"232\" height=\"329\" srcset=\"https:\/\/normandielecture.fr\/wp-content\/uploads\/2024\/03\/fullsizeoutput_1b07-212x300.jpeg 212w, https:\/\/normandielecture.fr\/wp-content\/uploads\/2024\/03\/fullsizeoutput_1b07-724x1024.jpeg 724w, https:\/\/normandielecture.fr\/wp-content\/uploads\/2024\/03\/fullsizeoutput_1b07-768x1087.jpeg 768w, https:\/\/normandielecture.fr\/wp-content\/uploads\/2024\/03\/fullsizeoutput_1b07.jpeg 1080w\" sizes=\"auto, (max-width: 232px) 100vw, 232px\" \/>\u00a0 \u00a0 \u00a0\u00a0<img loading=\"lazy\" decoding=\"async\" class=\"alignnone wp-image-525\" src=\"https:\/\/normandielecture.fr\/wp-content\/uploads\/2024\/02\/428600201_24710428578603091_8125585712647964370_n-212x300.jpg\" alt=\"\" width=\"232\" height=\"328\" srcset=\"https:\/\/normandielecture.fr\/wp-content\/uploads\/2024\/02\/428600201_24710428578603091_8125585712647964370_n-212x300.jpg 212w, https:\/\/normandielecture.fr\/wp-content\/uploads\/2024\/02\/428600201_24710428578603091_8125585712647964370_n-724x1024.jpg 724w, https:\/\/normandielecture.fr\/wp-content\/uploads\/2024\/02\/428600201_24710428578603091_8125585712647964370_n-768x1087.jpg 768w, https:\/\/normandielecture.fr\/wp-content\/uploads\/2024\/02\/428600201_24710428578603091_8125585712647964370_n.jpg 1080w\" sizes=\"auto, (max-width: 232px) 100vw, 232px\" \/><\/p>\n<p>&#8212;&#8212;<\/p>\n<p><strong>EXPOSITIONS \u00a0MUS\u00c9ES \u00a0\/ \u00a0S\u00c9LECTION NORMANDIE 2025<\/strong><\/p>\n<p>&#8212;&#8211;<\/p>\n<p>RENDEZ-VOUS EN 2026 AVEC LES NOUVELLES EXPOSITIONS !<\/p>\n<p><strong>&#8212;&#8212;&#8212;&#8212;&#8211;<\/strong><\/p>\n","protected":false},"excerpt":{"rendered":"<p>&nbsp; PROCHAINS RENDEZ-VOUS\u00a0 : 11 et 12 AVRIL 2026 F\u00eate des Imprimeurs. Moulin Saint-Gilles \u00e0 Rouen, si\u00e8ge de l&rsquo;Association Expotec 103 Avec \u00ab\u00a0Rouen Lecture\u00a0\u00bb les samedi et dimanche apr\u00e8s midi. Infos ci-dessous. Ci-dessous : En images, quelques anciens Rendez-Vous ou D\u00e9dicaces. A votre disposition pour convenir d&rsquo;autres dates. A bient\u00f4t ! &#8212;&#8211; \u00a0 \u00a0\u00a0 \u00a0\u00a0 [&hellip;]<\/p>\n","protected":false},"author":1,"featured_media":0,"parent":91,"menu_order":4,"comment_status":"closed","ping_status":"closed","template":"","meta":{"_crdt_document":"","footnotes":""},"class_list":["post-184","page","type-page","status-publish","hentry"],"_links":{"self":[{"href":"https:\/\/normandielecture.fr\/index.php\/wp-json\/wp\/v2\/pages\/184","targetHints":{"allow":["GET"]}}],"collection":[{"href":"https:\/\/normandielecture.fr\/index.php\/wp-json\/wp\/v2\/pages"}],"about":[{"href":"https:\/\/normandielecture.fr\/index.php\/wp-json\/wp\/v2\/types\/page"}],"author":[{"embeddable":true,"href":"https:\/\/normandielecture.fr\/index.php\/wp-json\/wp\/v2\/users\/1"}],"replies":[{"embeddable":true,"href":"https:\/\/normandielecture.fr\/index.php\/wp-json\/wp\/v2\/comments?post=184"}],"version-history":[{"count":79,"href":"https:\/\/normandielecture.fr\/index.php\/wp-json\/wp\/v2\/pages\/184\/revisions"}],"predecessor-version":[{"id":1189,"href":"https:\/\/normandielecture.fr\/index.php\/wp-json\/wp\/v2\/pages\/184\/revisions\/1189"}],"up":[{"embeddable":true,"href":"https:\/\/normandielecture.fr\/index.php\/wp-json\/wp\/v2\/pages\/91"}],"wp:attachment":[{"href":"https:\/\/normandielecture.fr\/index.php\/wp-json\/wp\/v2\/media?parent=184"}],"curies":[{"name":"wp","href":"https:\/\/api.w.org\/{rel}","templated":true}]}}